{"id":159,"date":"2025-11-19T05:48:54","date_gmt":"2025-11-19T05:48:54","guid":{"rendered":"https:\/\/climaax.kezdi.ro\/cercetarea-noastra\/"},"modified":"2026-01-15T10:07:59","modified_gmt":"2026-01-15T10:07:59","slug":"kutatasunk","status":"publish","type":"page","link":"https:\/\/climaax.kezdi.ro\/hu\/kutatasunk\/","title":{"rendered":"Kutat\u00e1sunk"},"content":{"rendered":"<h2>K\u00f6vetkeztet\u00e9sek \/ ELS\u0150 F\u00c1ZIS (r\u00f6vid \u00f6sszefoglal\u00f3)<\/h2>\n<p>&nbsp;<\/p>\n<p>A CLIMAAX projekt 1. f\u00e1zis\u00e1ban a K\u00c9ZDI_adapt csapat tagjai kompetenss\u00e9 v\u00e1ltak a CLIMAAX k\u00f6z\u00f6s m\u00f3dszertan\u00e1nak alkalmaz\u00e1s\u00e1ban. Tov\u00e1bbi elm\u00e9leti ismereteket szereztek az \u00e9ghajlati kock\u00e1zat, a reziliencia \u00e9s az alkalmazkod\u00e1s ter\u00fclet\u00e9n, ami lehet\u0151v\u00e9 tette a helyi kock\u00e1zati t\u00e9nyez\u0151k jobb meg\u00e9rt\u00e9s\u00e9t eur\u00f3pai adat\u00e1llom\u00e1nyok felhaszn\u00e1l\u00e1s\u00e1val. Ennek eredm\u00e9nyek\u00e9nt a csapat sikeresen megval\u00f3s\u00edtott \u00e9s alkalmazott teljes m\u00e9rt\u00e9kben testre szabott region\u00e1lis vesz\u00e9ly- \u00e9s kock\u00e1zat\u00e9rt\u00e9kel\u00e9si munkafolyamatokat a mez\u0151gazdas\u00e1gi asz\u00e1ly \u00e9s a folyami \u00e1rvizek vonatkoz\u00e1s\u00e1ban.<\/p>\n<p>&nbsp;<\/p>\n<p><strong><b>F\u0151bb meg\u00e1llap\u00edt\u00e1sok<\/b><\/strong><\/p>\n<p><strong><b>MEZ\u0150GAZDAS\u00c1GI ASZ\u00c1LY<\/b><\/strong><\/p>\n<p><strong><b>Kukorica:<\/b><\/strong><\/p>\n<p>Enyhe term\u00e9scs\u00f6kken\u00e9s tapasztalhat\u00f3 az RCP 2.6 forgat\u00f3k\u00f6nyv alatt (+0,582%), m\u00edg az RCP 4.5 eset\u00e9ben jelent\u0151s visszaes\u00e9s k\u00f6vetkezik be (\u20136,946%). Ezzel szemben az RCP 8.5 forgat\u00f3k\u00f6nyv \u00e9les n\u00f6veked\u00e9st eredm\u00e9nyez (+10,133%), ami a sz\u00e9ls\u0151s\u00e9ges \u00e9ghajlatv\u00e1ltoz\u00e1ssal szembeni magas s\u00e9r\u00fcl\u00e9kenys\u00e9gre utal.<\/p>\n<p><strong><b>B\u00faza:<\/b><\/strong><\/p>\n<p>A term\u00e9svesztes\u00e9g n\u00f6vekszik az RCP 2.6 eset\u00e9ben (+4,786%), ugyanakkor cs\u00f6kken az RCP 4.5 (\u20131,768%) \u00e9s az RCP 8.5 (\u20134,596%) forgat\u00f3k\u00f6nyvek alatt.<\/p>\n<p><strong><b>Burgonya:<\/b><\/strong><\/p>\n<p>Jelent\u0151s ellen\u00e1ll\u00f3k\u00e9pess\u00e9get mutat: az RCP 2.6 \u00e9s 4.5 eset\u00e9ben enyhe term\u00e9svesztes\u00e9g-cs\u00f6kken\u00e9s figyelhet\u0151 meg (\u20130,735%, \u20134,036%), m\u00edg az RCP 8.5 forgat\u00f3k\u00f6nyv alatt n\u00f6veked\u00e9s tapasztalhat\u00f3 (+6,231%).<\/p>\n<p><strong><b>Repce:<\/b><\/strong><\/p>\n<p>A sz\u00e1zad k\u00f6zep\u00e9re vonatkoz\u00f3 legnagyobb term\u00e9svesztes\u00e9g az RCP 2.6 forgat\u00f3k\u00f6nyvben jelentkezik (+7,537%), m\u00edg az RCP 4.5 (+2,991%) \u00e9s az RCP 8.5 (+0,858%) eset\u00e9ben kisebb m\u00e9rt\u00e9k\u0171 n\u00f6veked\u00e9s figyelhet\u0151 meg.<\/p>\n<p><strong><u><b>Gazdas\u00e1gi hat\u00e1sok:<\/b><\/u><\/strong><\/p>\n<p><strong><b>Kukorica:<\/b><\/strong> A bev\u00e9telkies\u00e9s stabil marad (5 600 EUR) az RCP 2.6 \u00e9s 4.5 forgat\u00f3k\u00f6nyvek eset\u00e9ben, azonban az RCP 8.5 alatt 6 400 EUR-ra n\u00f6vekszik.<\/p>\n<p><strong><b>B\u00faza:<\/b><\/strong> A vesztes\u00e9gek a 2046\u20132050 k\u00f6z\u00f6tti id\u0151szakban magasabbak (320 000 EUR) minden RCP forgat\u00f3k\u00f6nyv eset\u00e9ben, mint a 2026\u20132030 k\u00f6z\u00f6tti id\u0151szakban (280 000 EUR az RCP 4.5 \u00e9s 8.5 eset\u00e9ben).<\/p>\n<p><strong><b>Burgonya:<\/b><\/strong> P\u00e9nz\u00fcgyi szempontb\u00f3l stabil marad, a vesztes\u00e9g \u00e1lland\u00f3 (48 000 EUR).<\/p>\n<p><strong><b>Repce: <\/b><\/strong>A vesztes\u00e9g 2046\u20132050 k\u00f6z\u00f6tt az RCP 8.5 forgat\u00f3k\u00f6nyv alatt n\u00f6vekszik (640 000 EUR), m\u00edg az RCP 2.6 \u00e9s 4.5 eset\u00e9ben 560 000 EUR-on stabiliz\u00e1l\u00f3dik.<\/p>\n<p>&nbsp;<\/p>\n<p><strong><b>FOLYAMI \u00c1RVIZEK<\/b><\/strong><\/p>\n<p><strong><b>\u00c1rv\u00edzvesz\u00e9ly-adatok korl\u00e1tai:<\/b><\/strong><\/p>\n<p>Az adat\u00e1llom\u00e1ny kiz\u00e1r\u00f3lag a nagy v\u00edzgy\u0171jt\u0151 ter\u00fcletekre (&gt;150 km\u00b2) terjed ki, \u00e9s nem tartalmaz \u00e1rv\u00edzv\u00e9delmi inform\u00e1ci\u00f3kat, ami pontatlans\u00e1gokat eredm\u00e9nyez.<\/p>\n<p><strong><b>250 \u00e9ves visszat\u00e9r\u00e9si id\u0151:<\/b><\/strong><\/p>\n<p>Az adathi\u00e1nyok miatt az \u00e1rv\u00edzt\u00e9rk\u00e9pek megb\u00edzhatatlanok, k\u00fcl\u00f6n\u00f6sen a t\u00e1voli j\u00f6v\u0151re vonatkoz\u00f3 el\u0151rejelz\u00e9sek eset\u00e9ben.<\/p>\n<p><strong><b>\u00c1rv\u00edzk\u00e1rok alakul\u00e1sa:<\/b><\/strong><\/p>\n<p>Az RCP 8.5 forgat\u00f3k\u00f6nyv alatt az \u00e1rv\u00edzk\u00e1rok gyors \u00fctemben n\u00f6vekednek, \u00e9s a mez\u0151gazdas\u00e1gi ter\u00fcletek s\u00e9r\u00fcl\u00e9kenyebbek, mint a lak\u00f3ter\u00fcletek.<\/p>\n<p><strong><b>Hosszabb visszat\u00e9r\u00e9si id\u0151k:<\/b><\/strong><\/p>\n<p>Mindk\u00e9t vizsg\u00e1lt forgat\u00f3k\u00f6nyv eset\u00e9ben nagyobb el\u00f6nt\u00f6tt ter\u00fcletet eredm\u00e9nyeznek.<\/p>\n<p>&nbsp;<\/p>\n<p><strong><b>\u00d6SSZEGZ\u00c9S<\/b><\/strong><\/p>\n<blockquote><p>A mez\u0151gazdas\u00e1g jelent\u0151s kock\u00e1zatokkal szembes\u00fcl a sz\u00e9ls\u0151s\u00e9ges \u00e9ghajlati forgat\u00f3k\u00f6nyvek alatt, k\u00fcl\u00f6n\u00f6sen a kukorica \u00e9s a repce eset\u00e9ben, m\u00edg a burgonya bizonyul a legellen\u00e1ll\u00f3bbnak. A folyami \u00e1rv\u00edzkock\u00e1zatok az RCP 8.5 forgat\u00f3k\u00f6nyv alatt s\u00falyosbodnak, magasabb \u00e9s gyorsabban n\u00f6vekv\u0151 k\u00e1rokkal. Az adatok korl\u00e1tozotts\u00e1ga rontja a hossz\u00fa t\u00e1v\u00fa \u00e1rv\u00edzkock\u00e1zati \u00e9rt\u00e9kel\u00e9sek megb\u00edzhat\u00f3s\u00e1g\u00e1t, ez\u00e9rt fejlettebb modellez\u00e9sre \u00e9s az \u00e1rv\u00edzv\u00e9delmi int\u00e9zked\u00e9sek integr\u00e1l\u00e1s\u00e1ra van sz\u00fcks\u00e9g.<\/p><\/blockquote>\n<p>&nbsp;<\/p>\n<p><a class=\"notranslate\" href=\"https:\/\/climaax.kezdi.ro\/hu\/kutatasunk\/1-fazis\/\"><strong>A TELJES KUTAT\u00c1S EL\u00c9RHET\u0150 ANGOL NYELVEN (KLIKK IDE)<\/strong><\/a><\/p>\n","protected":false},"excerpt":{"rendered":"<p>K\u00f6vetkeztet\u00e9sek \/ ELS\u0150 F\u00c1ZIS (r\u00f6vid \u00f6sszefoglal\u00f3) &nbsp; A CLIMAAX projekt 1. f\u00e1zis\u00e1ban a K\u00c9ZDI_adapt csapat tagjai kompetenss\u00e9 v\u00e1ltak a CLIMAAX k\u00f6z\u00f6s m\u00f3dszertan\u00e1nak alkalmaz\u00e1s\u00e1ban. Tov\u00e1bbi elm\u00e9leti ismereteket szereztek az \u00e9ghajlati kock\u00e1zat, a reziliencia \u00e9s az alkalmazkod\u00e1s ter\u00fclet\u00e9n, ami lehet\u0151v\u00e9 tette a helyi kock\u00e1zati t\u00e9nyez\u0151k jobb meg\u00e9rt\u00e9s\u00e9t eur\u00f3pai adat\u00e1llom\u00e1nyok felhaszn\u00e1l\u00e1s\u00e1val. Ennek eredm\u00e9nyek\u00e9nt a csapat sikeresen megval\u00f3s\u00edtott \u00e9s [&hellip;]<\/p>\n","protected":false},"author":1,"featured_media":0,"parent":0,"menu_order":0,"comment_status":"closed","ping_status":"closed","template":"page-research.php","meta":{"_acf_changed":false,"footnotes":""},"class_list":["post-159","page","type-page","status-publish","hentry"],"acf":[],"_links":{"self":[{"href":"https:\/\/climaax.kezdi.ro\/hu\/wp-json\/wp\/v2\/pages\/159","targetHints":{"allow":["GET"]}}],"collection":[{"href":"https:\/\/climaax.kezdi.ro\/hu\/wp-json\/wp\/v2\/pages"}],"about":[{"href":"https:\/\/climaax.kezdi.ro\/hu\/wp-json\/wp\/v2\/types\/page"}],"author":[{"embeddable":true,"href":"https:\/\/climaax.kezdi.ro\/hu\/wp-json\/wp\/v2\/users\/1"}],"replies":[{"embeddable":true,"href":"https:\/\/climaax.kezdi.ro\/hu\/wp-json\/wp\/v2\/comments?post=159"}],"version-history":[{"count":16,"href":"https:\/\/climaax.kezdi.ro\/hu\/wp-json\/wp\/v2\/pages\/159\/revisions"}],"predecessor-version":[{"id":822,"href":"https:\/\/climaax.kezdi.ro\/hu\/wp-json\/wp\/v2\/pages\/159\/revisions\/822"}],"wp:attachment":[{"href":"https:\/\/climaax.kezdi.ro\/hu\/wp-json\/wp\/v2\/media?parent=159"}],"curies":[{"name":"wp","href":"https:\/\/api.w.org\/{rel}","templated":true}]}}