{"id":167,"date":"2025-11-19T05:37:05","date_gmt":"2025-11-19T05:37:05","guid":{"rendered":"https:\/\/climaax.kezdi.ro\/homepage\/"},"modified":"2026-01-14T09:46:01","modified_gmt":"2026-01-14T09:46:01","slug":"homepage","status":"publish","type":"page","link":"https:\/\/climaax.kezdi.ro\/hu\/","title":{"rendered":"F\u0151oldal"},"content":{"rendered":"<h2><b>Mi az a CLIMAAX-projekt?<\/b><\/h2>\n<p><span style=\"font-weight: 400;\">A CLIMAAX (<\/span><span style=\"font-weight: 400;\">Climate Risk and Vulnerability Assessment Framework and Toolbox<\/span><span style=\"font-weight: 400;\">) keret\u00e9ben zajl\u00f3 K\u00c9ZDI_adapt elnevez\u00e9s\u0171 csoport c\u00e9lja megvizsg\u00e1lni k\u00fcl\u00f6nb\u00f6z\u0151 \u00e9ghajlatv\u00e1ltoz\u00e1si hat\u00e1sokat, \u00e9s annak lenyomat\u00e1t a helyi lakoss\u00e1gra. A sz\u00e1razs\u00e1g, a h\u0151hull\u00e1m \u00e9s az \u00e1rv\u00edz hat\u00e1sait vizsg\u00e1lja a p\u00e1ly\u00e1zat. Eur\u00f3pa 32 sikeresen p\u00e1ly\u00e1z\u00f3 r\u00e9gi\u00f3j\u00e1nak egyike K\u00e9zdiv\u00e1s\u00e1rhely, Rom\u00e1ni\u00e1b\u00f3l pedig \u00f6sszesen h\u00e1rom p\u00e1ly\u00e1zat nyert, k\u00f6zt\u00fck a k\u00e9zdiv\u00e1s\u00e1rhelyi.<\/span><\/p>\n","protected":false},"excerpt":{"rendered":"<p>Mi az a CLIMAAX-projekt? A CLIMAAX (Climate Risk and Vulnerability Assessment Framework and Toolbox) keret\u00e9ben zajl\u00f3 K\u00c9ZDI_adapt elnevez\u00e9s\u0171 csoport c\u00e9lja megvizsg\u00e1lni k\u00fcl\u00f6nb\u00f6z\u0151 \u00e9ghajlatv\u00e1ltoz\u00e1si hat\u00e1sokat, \u00e9s annak lenyomat\u00e1t a helyi lakoss\u00e1gra. A sz\u00e1razs\u00e1g, a h\u0151hull\u00e1m \u00e9s az \u00e1rv\u00edz hat\u00e1sait vizsg\u00e1lja a p\u00e1ly\u00e1zat. Eur\u00f3pa 32 sikeresen p\u00e1ly\u00e1z\u00f3 r\u00e9gi\u00f3j\u00e1nak egyike K\u00e9zdiv\u00e1s\u00e1rhely, Rom\u00e1ni\u00e1b\u00f3l pedig \u00f6sszesen h\u00e1rom p\u00e1ly\u00e1zat nyert, k\u00f6zt\u00fck [&hellip;]<\/p>\n","protected":false},"author":1,"featured_media":169,"parent":0,"menu_order":0,"comment_status":"closed","ping_status":"closed","template":"homepage.php","meta":{"_acf_changed":false,"footnotes":""},"class_list":["post-167","page","type-page","status-publish","has-post-thumbnail","hentry"],"acf":[],"_links":{"self":[{"href":"https:\/\/climaax.kezdi.ro\/hu\/wp-json\/wp\/v2\/pages\/167","targetHints":{"allow":["GET"]}}],"collection":[{"href":"https:\/\/climaax.kezdi.ro\/hu\/wp-json\/wp\/v2\/pages"}],"about":[{"href":"https:\/\/climaax.kezdi.ro\/hu\/wp-json\/wp\/v2\/types\/page"}],"author":[{"embeddable":true,"href":"https:\/\/climaax.kezdi.ro\/hu\/wp-json\/wp\/v2\/users\/1"}],"replies":[{"embeddable":true,"href":"https:\/\/climaax.kezdi.ro\/hu\/wp-json\/wp\/v2\/comments?post=167"}],"version-history":[{"count":5,"href":"https:\/\/climaax.kezdi.ro\/hu\/wp-json\/wp\/v2\/pages\/167\/revisions"}],"predecessor-version":[{"id":771,"href":"https:\/\/climaax.kezdi.ro\/hu\/wp-json\/wp\/v2\/pages\/167\/revisions\/771"}],"wp:featuredmedia":[{"embeddable":true,"href":"https:\/\/climaax.kezdi.ro\/hu\/wp-json\/wp\/v2\/media\/169"}],"wp:attachment":[{"href":"https:\/\/climaax.kezdi.ro\/hu\/wp-json\/wp\/v2\/media?parent=167"}],"curies":[{"name":"wp","href":"https:\/\/api.w.org\/{rel}","templated":true}]}}