{"id":208,"date":"2025-11-19T05:47:40","date_gmt":"2025-11-19T05:47:40","guid":{"rendered":"https:\/\/climaax.kezdi.ro\/despre-climaax\/"},"modified":"2025-12-10T12:23:41","modified_gmt":"2025-12-10T12:23:41","slug":"a-climaaxrol","status":"publish","type":"page","link":"https:\/\/climaax.kezdi.ro\/hu\/a-climaaxrol\/","title":{"rendered":"A CLIMAAXR\u0150L"},"content":{"rendered":"<h2><strong>Mi az a CLIMAAX-projekt?<\/strong><\/h2>\n<p>A CLIMAAX (Climate Risk and Vulnerability Assessment Framework and Toolbox) keret\u00e9ben zajl\u00f3 K\u00c9ZDI_adapt elnevez\u00e9s\u0171 csoport c\u00e9lja megvizsg\u00e1lni k\u00fcl\u00f6nb\u00f6z\u0151 \u00e9ghajlatv\u00e1ltoz\u00e1si hat\u00e1sokat, \u00e9s annak lenyomat\u00e1t a helyi lakoss\u00e1gra. A sz\u00e1razs\u00e1g, a h\u0151hull\u00e1m \u00e9s az \u00e1rv\u00edz hat\u00e1sait vizsg\u00e1lja a p\u00e1ly\u00e1zat. Eur\u00f3pa 32 sikeresen p\u00e1ly\u00e1z\u00f3 r\u00e9gi\u00f3j\u00e1nak egyike K\u00e9zdiv\u00e1s\u00e1rhely, Rom\u00e1ni\u00e1b\u00f3l pedig \u00f6sszesen h\u00e1rom p\u00e1ly\u00e1zat nyert, k\u00f6zt\u00fck a k\u00e9zdiv\u00e1s\u00e1rhelyi.<\/p>\n<p><img loading=\"lazy\" decoding=\"async\" class=\"alignnone wp-image-452\" src=\"https:\/\/climaax.kezdi.ro\/wp-content\/uploads\/2025\/12\/Agricultural-drought-200x300.png\" alt=\"\" width=\"392\" height=\"588\" srcset=\"https:\/\/climaax.kezdi.ro\/wp-content\/uploads\/2025\/12\/Agricultural-drought-200x300.png 200w, https:\/\/climaax.kezdi.ro\/wp-content\/uploads\/2025\/12\/Agricultural-drought-683x1024.png 683w, https:\/\/climaax.kezdi.ro\/wp-content\/uploads\/2025\/12\/Agricultural-drought-768x1152.png 768w, https:\/\/climaax.kezdi.ro\/wp-content\/uploads\/2025\/12\/Agricultural-drought-53x80.png 53w, https:\/\/climaax.kezdi.ro\/wp-content\/uploads\/2025\/12\/Agricultural-drought.png 1024w\" sizes=\"auto, (max-width: 392px) 100vw, 392px\" \/><\/p>\n<h2><strong>Mi a projekt c\u00e9lja? <\/strong><\/h2>\n<ul>\n<li>az e\u0301ghajlatv\u00e1ltoz\u00e1s kocka\u0301zat\u00e1nak e\u0301rte\u0301kele\u0301se, a sz\u00e1razs\u00e1g, a h\u0151hull\u00e1m \u00e9s az \u00e1rvizek eset\u00e9ben<\/li>\n<li>extr\u00e9m id\u0151j\u00e1r\u00e1s kock\u00e1zat\u00e1nak \u00e9s hat\u00e1s\u00e1nak m\u00e9rs\u00e9kl\u00e9s\u00e9re haszn\u00e1lt strat\u00e9gi\u00e1k kivitelez\u00e9se<\/li>\n<li>adattudoma\u0301nyi e\u0301s elemzo\u030b eszko\u0308zo\u0308k biztosi\u0301ta\u0301sa<\/li>\n<\/ul>\n<p><img loading=\"lazy\" decoding=\"async\" class=\"alignnone wp-image-458\" src=\"https:\/\/climaax.kezdi.ro\/wp-content\/uploads\/2025\/12\/Heatwave-200x300.png\" alt=\"\" width=\"403\" height=\"605\" srcset=\"https:\/\/climaax.kezdi.ro\/wp-content\/uploads\/2025\/12\/Heatwave-200x300.png 200w, https:\/\/climaax.kezdi.ro\/wp-content\/uploads\/2025\/12\/Heatwave-683x1024.png 683w, https:\/\/climaax.kezdi.ro\/wp-content\/uploads\/2025\/12\/Heatwave-768x1152.png 768w, https:\/\/climaax.kezdi.ro\/wp-content\/uploads\/2025\/12\/Heatwave-53x80.png 53w, https:\/\/climaax.kezdi.ro\/wp-content\/uploads\/2025\/12\/Heatwave.png 1024w\" sizes=\"auto, (max-width: 403px) 100vw, 403px\" \/><\/p>\n<h2><strong>Milyen kock\u00e1zatokat vizsg\u00e1l a K\u00c9ZDI_adapt csoport? <\/strong><\/h2>\n<ul>\n<li>folyami a\u0301rvizek \u2013 az infrastruktu\u0301ra e\u0301s a lakossa\u0301g tekintet\u00e9ben<\/li>\n<li>ho\u030bhulla\u0301mok \u2013 az ege\u0301szse\u0301gu\u0308gyi e\u0301s gazdasa\u0301gi hata\u0301sok tekintet\u00e9ben<\/li>\n<li>asza\u0301lyok \u2013 a vi\u0301zhia\u0301ny e\u0301s a mezo\u030bgazdasa\u0301gi proble\u0301ma\u0301k tekintet\u00e9ben<\/li>\n<\/ul>\n<p><img loading=\"lazy\" decoding=\"async\" class=\"alignnone wp-image-455\" src=\"https:\/\/climaax.kezdi.ro\/wp-content\/uploads\/2025\/12\/Flooding-200x300.png\" alt=\"\" width=\"416\" height=\"624\" srcset=\"https:\/\/climaax.kezdi.ro\/wp-content\/uploads\/2025\/12\/Flooding-200x300.png 200w, https:\/\/climaax.kezdi.ro\/wp-content\/uploads\/2025\/12\/Flooding-683x1024.png 683w, https:\/\/climaax.kezdi.ro\/wp-content\/uploads\/2025\/12\/Flooding-768x1152.png 768w, https:\/\/climaax.kezdi.ro\/wp-content\/uploads\/2025\/12\/Flooding-53x80.png 53w, https:\/\/climaax.kezdi.ro\/wp-content\/uploads\/2025\/12\/Flooding.png 1024w\" sizes=\"auto, (max-width: 416px) 100vw, 416px\" \/><\/p>\n<h2><strong>Mi\u00e9rt fontos a fent eml\u00edtett vesz\u00e9lyek vizsg\u00e1lata? <\/strong><\/h2>\n<p>A kli\u0301mava\u0301ltoza\u0301s \u00e9s az extr\u00e9m id\u0151j\u00e1r\u00e1s hata\u0301sai egyre su\u0301lyosabbak, e\u0301s a do\u0308nte\u0301shozo\u0301knak megbi\u0301zhato\u0301, pontos adatokat e\u0301s eszko\u0308zo\u0308ket kell biztos\u00edtani a megfelelo\u030b int\u00e9zked\u00e9sekhez.<\/p>\n<h2><strong>A kocka\u0301zate\u0301rte\u0301kele\u0301s le\u0301pe\u0301sei \/ Climate Risk Assessment (CRA) folyamat<\/strong>:<\/h2>\n<ol>\n<li><strong>Terveze\u0301s:<\/strong> meghata\u0301rozzuk a kocka\u0301zate\u0301rte\u0301kele\u0301s ce\u0301ljait e\u0301s krite\u0301riumait.<\/li>\n<li><strong>Kocka\u0301zat azonosi\u0301ta\u0301sa:<\/strong> felte\u0301rke\u0301pezzu\u0308k az adatokat e\u0301s a jelenlegi e\u0301ghajlati vesze\u0301lyek alapja\u0301n a releva\u0301ns kocka\u0301zatokat.<\/li>\n<li><strong>Kocka\u0301zatelemze\u0301s<\/strong>: re\u0301szletesen elemezzu\u0308k a felta\u0301rt kocka\u0301zatokat.<\/li>\n<li><strong>Kulcskocka\u0301zatok e\u0301rte\u0301kele\u0301se:<\/strong> priorita\u0301sk\u00e9nt kezelj\u00fck a legfontosabb kocka\u0301zatokat.<\/li>\n<li><strong>\u00c9rte\u0301kele\u0301s:<\/strong> Folyamatosan nyomon ko\u0308vetju\u0308k e\u0301s e\u0301rte\u0301kelju\u0308k a kocka\u0301zatkezele\u0301si inte\u0301zkede\u0301sek hate\u0301konysa\u0301ga\u0301t.<\/li>\n<li><strong>Inform\u00e1ci\u00f3 \u00e9s t\u00e1mogat\u00e1s:<\/strong><\/li>\n<\/ol>\n<ul>\n<li><strong>egyse\u0301gesi\u0301tett kocka\u0301zate\u0301rte\u0301kele\u0301s:<\/strong> a CRA folyamat segi\u0301t abban, hogy a kocka\u0301zatok a\u0301tfogo\u0301an, o\u0308sszehasonli\u0301thato\u0301an legyenek e\u0301rte\u0301kelve.<\/li>\n<li><strong>adatalapu\u0301 do\u0308nte\u0301shozatal: <\/strong>korszeru\u030b eszko\u0308zo\u0308k e\u0301s nyi\u0301lt adatarchi\u0301vumok ta\u0301mogatja\u0301k a regiona\u0301lis megolda\u0301sokat.<\/li>\n<li><strong>pe\u0301nzu\u0308gyi e\u0301s szakmai ta\u0301mogata\u0301s<\/strong>: legala\u0301bb 50 euro\u0301pai re\u0301gio\u0301 sza\u0301ma\u0301ra biztosi\u0301t a projekt forra\u0301st e\u0301s technikai segi\u0301tse\u0301get.<\/li>\n<\/ul>\n<h2><strong>Az e\u0301ghajlatva\u0301ltoza\u0301s kihi\u0301va\u0301sai a mezo\u030bgazdasa\u0301gban (mezo\u030bgazdasa\u0301gi asza\u0301lykocka\u0301zat \u00e9rte\u0301kele\u0301se):<\/strong><\/h2>\n<p>Az e\u0301ghajlatva\u0301ltoza\u0301s egyre nagyobb vesze\u0301lyt jelent az e\u0301lelmiszertermele\u0301sre. A csapade\u0301kminta\u0301zatok va\u0301ltoza\u0301sa miatt a fe\u0301lsza\u0301raz re\u0301gio\u0301kban su\u0301lyosabb e\u0301s hosszabb asza\u0301lyok va\u0301rhato\u0301k, mi\u0301g a nedvesebb te\u0301rse\u0301gekben a csapade\u0301k cso\u0308kkene\u0301se akada\u0301lyozhatja a termele\u0301st.<\/p>\n<h2><strong>Milyen hat\u00e1sokat eredm\u00e9nyez az \u00e9ghajlatv\u00e1ltoz\u00e1s a mez\u0151gazdas\u00e1gra? <\/strong><\/h2>\n<ul>\n<li>term\u00e9nyhozam cs\u00f6kken\u00e9s (asz\u00e1ly);<\/li>\n<li>\u00f6nt\u00f6z\u00e9si infrastruktur\u00e1k fontoss\u00e1ga a term\u00e9nyhozam-kies\u00e9s m\u00e9rs\u00e9kl\u00e9s\u00e9re;<\/li>\n<li>\u00faj mez\u0151gazdas\u00e1gi strat\u00e9gia alkalmaz\u00e1sa, amely fenntarthat\u00f3 mez\u0151gazdas\u00e1got eredm\u00e9nyez.<\/li>\n<\/ul>\n<p><iframe loading=\"lazy\" title=\"CLIMAAX | Project Overview\" width=\"500\" height=\"281\" src=\"https:\/\/www.youtube.com\/embed\/7k1v9-LvAzU?feature=oembed\" frameborder=\"0\" allow=\"accelerometer; autoplay; clipboard-write; encrypted-media; gyroscope; picture-in-picture; web-share\" referrerpolicy=\"strict-origin-when-cross-origin\" allowfullscreen><\/iframe><\/p>\n<p><strong>Kocka\u0301zate\u0301rte\u0301kele\u0301si eszko\u0308zt\u00e1r: <\/strong>segi\u0301t sza\u0301mszeru\u030bsi\u0301teni a csapade\u0301khia\u0301ny okozta mezo\u030bgazdasa\u0301gi beve\u0301telkiese\u0301seket:<\/p>\n<ul>\n<li>elemzi a vi\u0301zhia\u0301nybo\u0301l eredo\u030b hozamvesztese\u0301geket (term\u00e9nyhozam, gazdas\u00e1gi hozam);<\/li>\n<li>megmutatja a mezo\u030bgazdasa\u0301gi a\u0301gazat\/ter\u00fclet gazdasa\u0301gi vesz\u00e9lyeztetetts\u00e9g\u00e9t;<\/li>\n<li>felte\u0301rke\u0301pezi az o\u0308nto\u0308zo\u030brendszerek fontoss\u00e1g\u00e1t.<\/li>\n<\/ul>\n<p>Az eredme\u0301nyek alapja\u0301n a gazda\u0301lkodo\u0301k e\u0301s a do\u0308nte\u0301shozo\u0301k azonosi\u0301tani tudj\u00e1k a legvesze\u0301lyeztetettebb teru\u0308leteket, e\u0301s strate\u0301giai le\u0301pe\u0301seket tehetnek az alkalmazkoda\u0301s e\u0301rdeke\u0301ben.<\/p>\n<h2><strong>Mit nyu\u0301jt a m\u00f3dszertan?<\/strong><\/h2>\n<ul>\n<li>te\u0301rke\u0301pes megjeleni\u0301te\u0301s a potencia\u0301lis beve\u0301telkiese\u0301sekro\u030bl (ezer euro\u0301ban);<\/li>\n<li>az o\u0308nto\u0308ze\u0301si hia\u0301ny e\u0301rintett teru\u0308leteinek azonosi\u0301ta\u0301sa;<\/li>\n<li>do\u0308nte\u0301shozatal ta\u0301mogata\u0301sa o\u0308nto\u0308zo\u030brendszerek l\u00e9tes\u00edt\u00e9s\u00e9re e\u0301s az ero\u030bforra\u0301sok hate\u0301kony felhaszna\u0301la\u0301sa\u0301ra.<\/li>\n<\/ul>\n<p>A m\u00f3dszertan \u00e9s eszk\u00f6zt\u00e1r segi\u0301tse\u0301ge\u0301vel a ko\u0308zo\u0308sse\u0301gek e\u0301s gazda\u0301lkodo\u0301k jobban felke\u0301szu\u0308lhetnek a jo\u0308vo\u030bbeli asza\u0301lyokra e\u0301s hate\u0301konyabb\u00e1 tehetik a vi\u0301zgazda\u0301lkoda\u0301si strate\u0301gia\u0301ikat.<\/p>\n<p>&nbsp;<\/p>\n<p>A p\u00e1ly\u00e1zat hivatalos honlapja: <u><a href=\"https:\/\/www.climaax.eu\/\">https:\/\/www.climaax.eu\/<\/a><\/u><\/p>\n<p>A p\u00e1ly\u00e1z\u00f3 szervezet honlapja: <u><a href=\"http:\/\/www.kezdi.ro\">www.kezdi.ro<\/a><\/u><\/p>\n","protected":false},"excerpt":{"rendered":"<p>Mi az a CLIMAAX-projekt? A CLIMAAX (Climate Risk and Vulnerability Assessment Framework and Toolbox) keret\u00e9ben zajl\u00f3 K\u00c9ZDI_adapt elnevez\u00e9s\u0171 csoport c\u00e9lja megvizsg\u00e1lni k\u00fcl\u00f6nb\u00f6z\u0151 \u00e9ghajlatv\u00e1ltoz\u00e1si hat\u00e1sokat, \u00e9s annak lenyomat\u00e1t a helyi lakoss\u00e1gra. A sz\u00e1razs\u00e1g, a h\u0151hull\u00e1m \u00e9s az \u00e1rv\u00edz hat\u00e1sait vizsg\u00e1lja a p\u00e1ly\u00e1zat. Eur\u00f3pa 32 sikeresen p\u00e1ly\u00e1z\u00f3 r\u00e9gi\u00f3j\u00e1nak egyike K\u00e9zdiv\u00e1s\u00e1rhely, Rom\u00e1ni\u00e1b\u00f3l pedig \u00f6sszesen h\u00e1rom p\u00e1ly\u00e1zat nyert, k\u00f6zt\u00fck [&hellip;]<\/p>\n","protected":false},"author":1,"featured_media":0,"parent":0,"menu_order":0,"comment_status":"closed","ping_status":"closed","template":"page-aboutclimax.php","meta":{"_acf_changed":false,"footnotes":""},"class_list":["post-208","page","type-page","status-publish","hentry"],"acf":[],"_links":{"self":[{"href":"https:\/\/climaax.kezdi.ro\/hu\/wp-json\/wp\/v2\/pages\/208","targetHints":{"allow":["GET"]}}],"collection":[{"href":"https:\/\/climaax.kezdi.ro\/hu\/wp-json\/wp\/v2\/pages"}],"about":[{"href":"https:\/\/climaax.kezdi.ro\/hu\/wp-json\/wp\/v2\/types\/page"}],"author":[{"embeddable":true,"href":"https:\/\/climaax.kezdi.ro\/hu\/wp-json\/wp\/v2\/users\/1"}],"replies":[{"embeddable":true,"href":"https:\/\/climaax.kezdi.ro\/hu\/wp-json\/wp\/v2\/comments?post=208"}],"version-history":[{"count":5,"href":"https:\/\/climaax.kezdi.ro\/hu\/wp-json\/wp\/v2\/pages\/208\/revisions"}],"predecessor-version":[{"id":479,"href":"https:\/\/climaax.kezdi.ro\/hu\/wp-json\/wp\/v2\/pages\/208\/revisions\/479"}],"wp:attachment":[{"href":"https:\/\/climaax.kezdi.ro\/hu\/wp-json\/wp\/v2\/media?parent=208"}],"curies":[{"name":"wp","href":"https:\/\/api.w.org\/{rel}","templated":true}]}}