{"id":18,"date":"2025-11-19T05:47:40","date_gmt":"2025-11-19T05:47:40","guid":{"rendered":"https:\/\/climaax.kezdi.ro\/?page_id=18"},"modified":"2025-12-10T12:24:32","modified_gmt":"2025-12-10T12:24:32","slug":"despre-climaax","status":"publish","type":"page","link":"https:\/\/climaax.kezdi.ro\/ro\/despre-climaax\/","title":{"rendered":"Despre CLIMAAX"},"content":{"rendered":"<h2>Ce este proiectul CLIMAAX?<\/h2>\n<p>Grupul K\u00c9ZDI_adapt, parte a proiectului european CLIMAAX (Climate Risk and Vulnerability Assessment Framework and Toolbox), \u00ee\u0219i propune s\u0103 analizeze impactul schimb\u0103rilor climatice asupra popula\u021biei locale, cu un accent deosebit pe secet\u0103, valuri de c\u0103ldur\u0103 \u0219i inunda\u021bii. T\u00e2rgu Secuiesc este una dintre cele 32 de regiuni din Europa selectate pentru acest proiect, al\u0103turi de alte dou\u0103 din Rom\u00e2nia.<\/p>\n<p><img loading=\"lazy\" decoding=\"async\" class=\"alignnone wp-image-450\" src=\"https:\/\/climaax.kezdi.ro\/wp-content\/uploads\/2025\/12\/Agricultural-drought-200x300.png\" alt=\"\" width=\"419\" height=\"629\" srcset=\"https:\/\/climaax.kezdi.ro\/wp-content\/uploads\/2025\/12\/Agricultural-drought-200x300.png 200w, https:\/\/climaax.kezdi.ro\/wp-content\/uploads\/2025\/12\/Agricultural-drought-683x1024.png 683w, https:\/\/climaax.kezdi.ro\/wp-content\/uploads\/2025\/12\/Agricultural-drought-768x1152.png 768w, https:\/\/climaax.kezdi.ro\/wp-content\/uploads\/2025\/12\/Agricultural-drought-53x80.png 53w, https:\/\/climaax.kezdi.ro\/wp-content\/uploads\/2025\/12\/Agricultural-drought.png 1024w\" sizes=\"auto, (max-width: 419px) 100vw, 419px\" \/><\/p>\n<h2>Care este scopul proiectului?<\/h2>\n<ul>\n<li>evaluarea riscului de schimb\u0103ri climatice, secet\u0103, valuri de c\u0103ldur\u0103 \u0219i inunda\u021bii<\/li>\n<li>aplicarea unor strategii de atenuare a riscului \u0219i a impactului fenomenelor meteorologice extreme<\/li>\n<li>furnizarea de date \u0219tiin\u021bifice \u0219i instrumente analitice<\/li>\n<\/ul>\n<p><img loading=\"lazy\" decoding=\"async\" class=\"alignnone wp-image-456\" src=\"https:\/\/climaax.kezdi.ro\/wp-content\/uploads\/2025\/12\/Heatwave-200x300.png\" alt=\"\" width=\"412\" height=\"618\" srcset=\"https:\/\/climaax.kezdi.ro\/wp-content\/uploads\/2025\/12\/Heatwave-200x300.png 200w, https:\/\/climaax.kezdi.ro\/wp-content\/uploads\/2025\/12\/Heatwave-683x1024.png 683w, https:\/\/climaax.kezdi.ro\/wp-content\/uploads\/2025\/12\/Heatwave-768x1152.png 768w, https:\/\/climaax.kezdi.ro\/wp-content\/uploads\/2025\/12\/Heatwave-53x80.png 53w, https:\/\/climaax.kezdi.ro\/wp-content\/uploads\/2025\/12\/Heatwave.png 1024w\" sizes=\"auto, (max-width: 412px) 100vw, 412px\" \/><\/p>\n<h2>Ce riscuri analizeaz\u0103 grupul K\u00c9ZDI_Adapt?<\/h2>\n<ul>\n<li>inunda\u021bii fluviale \u2013 \u00een ceea ce prive\u0219te infrastructura \u0219i popula\u021bia<\/li>\n<li>valuri de c\u0103ldur\u0103 \u2013 din perspectiva impactului asupra s\u0103n\u0103t\u0103\u021bii \u0219i economiei<\/li>\n<li>secete \u2013 \u00een ceea ce prive\u0219te lipsa apei \u0219i problemele agricole<\/li>\n<\/ul>\n<p><img loading=\"lazy\" decoding=\"async\" class=\"alignnone wp-image-453\" src=\"https:\/\/climaax.kezdi.ro\/wp-content\/uploads\/2025\/12\/Flooding-200x300.png\" alt=\"\" width=\"427\" height=\"641\" srcset=\"https:\/\/climaax.kezdi.ro\/wp-content\/uploads\/2025\/12\/Flooding-200x300.png 200w, https:\/\/climaax.kezdi.ro\/wp-content\/uploads\/2025\/12\/Flooding-683x1024.png 683w, https:\/\/climaax.kezdi.ro\/wp-content\/uploads\/2025\/12\/Flooding-768x1152.png 768w, https:\/\/climaax.kezdi.ro\/wp-content\/uploads\/2025\/12\/Flooding-53x80.png 53w, https:\/\/climaax.kezdi.ro\/wp-content\/uploads\/2025\/12\/Flooding.png 1024w\" sizes=\"auto, (max-width: 427px) 100vw, 427px\" \/><\/p>\n<h2>De ce este important\u0103 evaluarea riscurilor men\u021bionate mai sus?<\/h2>\n<p>Efectele schimb\u0103rilor climatice \u0219i ale condi\u021biilor meteorologice se agraveaz\u0103 constant, iar deciden\u021bii au nevoie de date \u0219i instrumente fiabile \u0219i precise pentru a lua m\u0103surile adecvate.<\/p>\n<p>Pa\u0219ii procesului de evaluare a riscurilor \/ procesul Climate Risk Assessment (CRA):<\/p>\n<ol>\n<li><strong>Planificare<\/strong>: stabilim obiectivele \u0219i criteriile evalu\u0103rii riscurilor.<\/li>\n<li><strong>Identificarea riscurilor<\/strong>: cartografiem riscurile relevante bazate pe experien\u021bele trecute \u0219i pe pericolele climatice actuale.<\/li>\n<li><strong>Analiza riscurilor<\/strong>: analiz\u0103m \u00een detaliu riscurile identificate.<\/li>\n<li><strong>Evaluarea riscurilor cheie<\/strong>: trat\u0103m cu prioritate cele mai importante riscuri.<\/li>\n<li><strong>Evaluare<\/strong>: monitoriz\u0103m \u0219i evalu\u0103m continuu eficacitatea m\u0103surilor de gestionare a riscurilor<\/li>\n<li><strong>Informa\u021bii \u0219i sprijin:<\/strong><\/li>\n<\/ol>\n<ul>\n<li>evaluare unificat\u0103 a riscurilor: procesul CRA ajut\u0103 la evaluarea cuprinz\u0103toare \u0219i comparativ\u0103 a riscurilor.<\/li>\n<li>decizii bazate pe date: instrumentele moderne \u0219i arhivele de date sprijin\u0103 solu\u021biile regionale.<\/li>\n<li>sprijin financiar \u0219i profesional: proiectul ofer\u0103 resurse \u0219i asisten\u021b\u0103 tehnic\u0103 pentru cel pu\u021bin 50 de regiuni europene.<\/li>\n<\/ul>\n<p><strong>Provoc\u0103rile schimb\u0103rilor climatice \u00een agricultur\u0103 (evaluarea riscului de secet\u0103 agricol\u0103):<\/strong><\/p>\n<p>Schimb\u0103rile climatice reprezint\u0103 o amenin\u021bare din ce \u00een ce mai mare pentru produc\u021bia alimentar\u0103. Din cauza modific\u0103rii tiparelor de precipita\u021bii, \u00een regiunile semiaride se preconizeaz\u0103 secete mai severe \u0219i de lung\u0103 durat\u0103, iar \u00een zonele mai umede, reducerea precipita\u021biilor ar putea afecta produc\u021bia agricol\u0103.<\/p>\n<h2>Ce impact vor avea schimb\u0103rile climatice asupra agriculturii?<\/h2>\n<ul>\n<li>reducerea randamentului culturilor (din cauza secetei);<\/li>\n<li>importan\u021ba infrastructurii de iriga\u021bii pentru a atenua pierderile de produc\u021bie agricol\u0103;<\/li>\n<li>adoptarea unei noi strategii care s\u0103 conduc\u0103 la o agricultur\u0103 durabil\u0103.<\/li>\n<\/ul>\n<p><iframe loading=\"lazy\" title=\"CLIMAAX | Project Overview\" width=\"500\" height=\"281\" src=\"https:\/\/www.youtube.com\/embed\/7k1v9-LvAzU?feature=oembed\" frameborder=\"0\" allow=\"accelerometer; autoplay; clipboard-write; encrypted-media; gyroscope; picture-in-picture; web-share\" referrerpolicy=\"strict-origin-when-cross-origin\" allowfullscreen><\/iframe><\/p>\n<p><strong>Set de instrumente de evaluare a riscurilor: ajut\u0103 la cuantificarea pierderilor de venituri agricole cauzate de deficitul de precipita\u021bii:<\/strong><br \/>\n<strong>analizeaz\u0103 pierderile de produc\u021bie cauzate de lipsa apei (produc\u021bia agricol\u0103, veniturile economice);<\/strong><\/p>\n<ul>\n<li>eviden\u021biaz\u0103 vulnerabilitatea economic\u0103 a sectorului agricol;<\/li>\n<li>cartografiaz\u0103 importan\u021ba sistemelor de iriga\u021bii.<\/li>\n<li>Pe baza rezultatelor, fermierii \u0219i factorii de decizie pot identifica cele mai vulnerabile zone \u0219i pot lua m\u0103suri strategice pentru adaptare.<\/li>\n<\/ul>\n<h2>Ce ofer\u0103 metodologia?<\/h2>\n<ul>\n<li>o cartografiere a poten\u021bialelor pierderi de venituri (\u00een mii de euro);<\/li>\n<li>identificarea zonelor afectate de deficitul de iriga\u021bii;<\/li>\n<li>sprijinirea procesului decizional pentru sistemele de iriga\u021bii \u0219i utilizarea eficient\u0103 a resurselor.<\/li>\n<\/ul>\n<p>Metodologia \u0219i setul de instrumente vor ajuta comunit\u0103\u021bile \u0219i fermierii s\u0103 se preg\u0103teasc\u0103 mai bine pentru viitoarele secete \u0219i s\u0103 \u00ee\u0219i eficientizeze strategiile de gestionare a apei.<\/p>\n<p>Pagina oficial\u0103 a proiectului: <a href=\"https:\/\/www.climaax.eu\/\">https:\/\/www.climaax.eu\/<\/a><br \/>\nPagina institu\u021biei aplicante: <a href=\"http:\/\/www.kezdi.ro\">www.kezdi.ro<\/a><\/p>\n","protected":false},"excerpt":{"rendered":"<p>Ce este proiectul CLIMAAX? Grupul K\u00c9ZDI_adapt, parte a proiectului european CLIMAAX (Climate Risk and Vulnerability Assessment Framework and Toolbox), \u00ee\u0219i propune s\u0103 analizeze impactul schimb\u0103rilor climatice asupra popula\u021biei locale, cu un accent deosebit pe secet\u0103, valuri de c\u0103ldur\u0103 \u0219i inunda\u021bii. T\u00e2rgu Secuiesc este una dintre cele 32 de regiuni din Europa selectate pentru acest proiect, [&hellip;]<\/p>\n","protected":false},"author":1,"featured_media":0,"parent":0,"menu_order":0,"comment_status":"closed","ping_status":"closed","template":"page-aboutclimax.php","meta":{"_acf_changed":false,"footnotes":""},"class_list":["post-18","page","type-page","status-publish","hentry"],"acf":[],"_links":{"self":[{"href":"https:\/\/climaax.kezdi.ro\/ro\/wp-json\/wp\/v2\/pages\/18","targetHints":{"allow":["GET"]}}],"collection":[{"href":"https:\/\/climaax.kezdi.ro\/ro\/wp-json\/wp\/v2\/pages"}],"about":[{"href":"https:\/\/climaax.kezdi.ro\/ro\/wp-json\/wp\/v2\/types\/page"}],"author":[{"embeddable":true,"href":"https:\/\/climaax.kezdi.ro\/ro\/wp-json\/wp\/v2\/users\/1"}],"replies":[{"embeddable":true,"href":"https:\/\/climaax.kezdi.ro\/ro\/wp-json\/wp\/v2\/comments?post=18"}],"version-history":[{"count":17,"href":"https:\/\/climaax.kezdi.ro\/ro\/wp-json\/wp\/v2\/pages\/18\/revisions"}],"predecessor-version":[{"id":480,"href":"https:\/\/climaax.kezdi.ro\/ro\/wp-json\/wp\/v2\/pages\/18\/revisions\/480"}],"wp:attachment":[{"href":"https:\/\/climaax.kezdi.ro\/ro\/wp-json\/wp\/v2\/media?parent=18"}],"curies":[{"name":"wp","href":"https:\/\/api.w.org\/{rel}","templated":true}]}}