{"id":9,"date":"2025-11-19T05:37:05","date_gmt":"2025-11-19T05:37:05","guid":{"rendered":"https:\/\/climaax.kezdi.ro\/?page_id=9"},"modified":"2026-01-14T09:40:51","modified_gmt":"2026-01-14T09:40:51","slug":"homepage","status":"publish","type":"page","link":"https:\/\/climaax.kezdi.ro\/ro\/","title":{"rendered":"Prima pagin\u0103"},"content":{"rendered":"<div>\n<h2>Ce este proiectul CLIMAAX?<\/h2>\n<p>Grupul <strong>K\u00c9ZDI_adapt<\/strong>, parte a proiectului european <strong>CLIMAAX<\/strong> (Climate Risk and Vulnerability Assessment Framework and Toolbox), \u00ee\u0219i propune s\u0103 analizeze impactul schimb\u0103rilor climatice asupra popula\u021biei locale, cu un accent deosebit pe secet\u0103, valuri de c\u0103ldur\u0103 \u0219i inunda\u021bii. <strong>T\u00e2rgu Secuiesc este una dintre cele 32 de regiuni din Europa<\/strong> selectate pentru acest proiect, al\u0103turi de alte dou\u0103 din Rom\u00e2nia.<\/p>\n<\/div>\n","protected":false},"excerpt":{"rendered":"<p>Ce este proiectul CLIMAAX? Grupul K\u00c9ZDI_adapt, parte a proiectului european CLIMAAX (Climate Risk and Vulnerability Assessment Framework and Toolbox), \u00ee\u0219i propune s\u0103 analizeze impactul schimb\u0103rilor climatice asupra popula\u021biei locale, cu un accent deosebit pe secet\u0103, valuri de c\u0103ldur\u0103 \u0219i inunda\u021bii. T\u00e2rgu Secuiesc este una dintre cele 32 de regiuni din Europa selectate pentru acest proiect, [&hellip;]<\/p>\n","protected":false},"author":1,"featured_media":53,"parent":0,"menu_order":0,"comment_status":"closed","ping_status":"closed","template":"homepage.php","meta":{"_acf_changed":false,"footnotes":""},"class_list":["post-9","page","type-page","status-publish","has-post-thumbnail","hentry"],"acf":[],"_links":{"self":[{"href":"https:\/\/climaax.kezdi.ro\/ro\/wp-json\/wp\/v2\/pages\/9","targetHints":{"allow":["GET"]}}],"collection":[{"href":"https:\/\/climaax.kezdi.ro\/ro\/wp-json\/wp\/v2\/pages"}],"about":[{"href":"https:\/\/climaax.kezdi.ro\/ro\/wp-json\/wp\/v2\/types\/page"}],"author":[{"embeddable":true,"href":"https:\/\/climaax.kezdi.ro\/ro\/wp-json\/wp\/v2\/users\/1"}],"replies":[{"embeddable":true,"href":"https:\/\/climaax.kezdi.ro\/ro\/wp-json\/wp\/v2\/comments?post=9"}],"version-history":[{"count":17,"href":"https:\/\/climaax.kezdi.ro\/ro\/wp-json\/wp\/v2\/pages\/9\/revisions"}],"predecessor-version":[{"id":767,"href":"https:\/\/climaax.kezdi.ro\/ro\/wp-json\/wp\/v2\/pages\/9\/revisions\/767"}],"wp:featuredmedia":[{"embeddable":true,"href":"https:\/\/climaax.kezdi.ro\/ro\/wp-json\/wp\/v2\/media\/53"}],"wp:attachment":[{"href":"https:\/\/climaax.kezdi.ro\/ro\/wp-json\/wp\/v2\/media?parent=9"}],"curies":[{"name":"wp","href":"https:\/\/api.w.org\/{rel}","templated":true}]}}